{"id":2627,"date":"2024-07-24T10:30:45","date_gmt":"2024-07-24T10:30:45","guid":{"rendered":"https:\/\/www.omovimento.com.br\/jornal\/?page_id=2627"},"modified":"2024-07-24T10:32:08","modified_gmt":"2024-07-24T10:32:08","slug":"morcelli-autopecas-e-servicos","status":"publish","type":"page","link":"https:\/\/www.omovimento.com.br\/jornal\/morcelli-autopecas-e-servicos\/","title":{"rendered":"Morcelli Autope\u00e7as e Servi\u00e7os"},"content":{"rendered":"<div class=\"x11i5rnm xat24cr x1mh8g0r x1vvkbs xtlvy1s x126k92a\">\n<div dir=\"auto\"><\/div>\n<div dir=\"auto\" style=\"text-align: center;\"><strong><span style=\"font-family: verdana, geneva, sans-serif;\">\u201cA solu\u00e7\u00e3o para o seu caminh\u00e3o\u201d<\/span><\/strong><\/div>\n<div dir=\"auto\"><\/div>\n<\/div>\n<div class=\"x11i5rnm xat24cr x1mh8g0r x1vvkbs xtlvy1s x126k92a\">\n<div dir=\"auto\"><span style=\"font-family: verdana, geneva, sans-serif;\">Com\u00e9rcio de pe\u00e7as e acess\u00f3rios para ve\u00edculos pesados, reformas,<\/span><\/div>\n<div dir=\"auto\"><span style=\"font-family: verdana, geneva, sans-serif;\">Alongamentos e Endireitamento de chassis, Embuchamento completo,<\/span><\/div>\n<div dir=\"auto\"><span style=\"font-family: verdana, geneva, sans-serif;\">Adapta\u00e7\u00e3o de motor, completo servi\u00e7o de torno e solda el\u00e9trica e<\/span><\/div>\n<div dir=\"auto\"><span style=\"font-family: verdana, geneva, sans-serif;\">Mec\u00e2nica diesel completa.<\/span><\/div>\n<div dir=\"auto\"><\/div>\n<\/div>\n<div class=\"x11i5rnm xat24cr x1mh8g0r x1vvkbs xtlvy1s x126k92a\">\n<div dir=\"auto\"><span style=\"font-family: verdana, geneva, sans-serif;\">\u2022 Rodas, motores, c\u00e2mbios e diferenciais<\/span><\/div>\n<div dir=\"auto\"><span style=\"font-family: verdana, geneva, sans-serif;\">\u2022 Servi\u00e7os de guincho pesado<\/span><\/div>\n<div dir=\"auto\"><span style=\"font-family: verdana, geneva, sans-serif;\">\u2022 Servi\u00e7o de Raster<\/span><\/div>\n<div dir=\"auto\"><span style=\"font-family: verdana, geneva, sans-serif;\">\u2022 Aberta at\u00e9 \u00e0s 17:30h<\/span><\/div>\n<div dir=\"auto\"><span style=\"font-family: verdana, geneva, sans-serif;\">\u2022 Pre\u00e7os imperd\u00edveis<\/span><\/div>\n<div dir=\"auto\"><\/div>\n<\/div>\n<div class=\"x11i5rnm xat24cr x1mh8g0r x1vvkbs xtlvy1s x126k92a\">\n<div dir=\"auto\"><strong><span style=\"font-family: verdana, geneva, sans-serif;\">Disk pe\u00e7as e servi\u00e7os pelo Fone\/fax: (19) 3561.6022 ou (19) 3561-4815<\/span><\/strong><\/div>\n<div dir=\"auto\"><\/div>\n<div dir=\"auto\"><span style=\"font-family: verdana, geneva, sans-serif;\">Rua Prof. Ariel Bayeux, 798 \u2013 Vila Guilhermina \u2013 Pirassununga\/SP<\/span><\/div>\n<\/div>\n<p><a href=\"https:\/\/www.facebook.com\/morcelliautopecas\"><img loading=\"lazy\" decoding=\"async\" class=\"wp-image-2614 aligncenter\" src=\"https:\/\/www.omovimento.com.br\/jornal\/wp-content\/uploads\/2024\/07\/md_5afaf0c36298b.jpg\" alt=\"\" width=\"73\" height=\"73\" srcset=\"https:\/\/www.omovimento.com.br\/jornal\/wp-content\/uploads\/2024\/07\/md_5afaf0c36298b.jpg 640w, https:\/\/www.omovimento.com.br\/jornal\/wp-content\/uploads\/2024\/07\/md_5afaf0c36298b-300x300.jpg 300w, https:\/\/www.omovimento.com.br\/jornal\/wp-content\/uploads\/2024\/07\/md_5afaf0c36298b-150x150.jpg 150w\" sizes=\"auto, (max-width: 73px) 100vw, 73px\" \/><\/a><img loading=\"lazy\" decoding=\"async\" class=\"wp-image-2613 aligncenter\" src=\"https:\/\/www.omovimento.com.br\/jornal\/wp-content\/uploads\/2024\/07\/social-01-512.webp\" alt=\"\" width=\"52\" height=\"52\" srcset=\"https:\/\/www.omovimento.com.br\/jornal\/wp-content\/uploads\/2024\/07\/social-01-512.webp 512w, https:\/\/www.omovimento.com.br\/jornal\/wp-content\/uploads\/2024\/07\/social-01-512-300x300.webp 300w, https:\/\/www.omovimento.com.br\/jornal\/wp-content\/uploads\/2024\/07\/social-01-512-150x150.webp 150w\" sizes=\"auto, (max-width: 52px) 100vw, 52px\" \/><a href=\"https:\/\/www.instagram.com\/morcelliautopecas\/\"><img loading=\"lazy\" decoding=\"async\" class=\"wp-image-2620 aligncenter\" src=\"https:\/\/www.omovimento.com.br\/jornal\/wp-content\/uploads\/2024\/07\/1_Instagram_colored_svg_1-512.webp\" alt=\"\" width=\"51\" height=\"51\" srcset=\"https:\/\/www.omovimento.com.br\/jornal\/wp-content\/uploads\/2024\/07\/1_Instagram_colored_svg_1-512.webp 512w, https:\/\/www.omovimento.com.br\/jornal\/wp-content\/uploads\/2024\/07\/1_Instagram_colored_svg_1-512-300x300.webp 300w, https:\/\/www.omovimento.com.br\/jornal\/wp-content\/uploads\/2024\/07\/1_Instagram_colored_svg_1-512-150x150.webp 150w\" sizes=\"auto, (max-width: 51px) 100vw, 51px\" \/><\/a><\/p>\n<p style=\"text-align: center;\"><span style=\"font-size: 14pt; font-family: verdana, geneva, sans-serif;\"><strong>Localiza\u00e7\u00e3o<\/strong><\/span><\/p>\n<p>\u00a0<iframe loading=\"lazy\" style=\"border: 0;\" src=\"https:\/\/www.google.com\/maps\/embed?pb=!1m18!1m12!1m3!1d1849.6232937706357!2d-47.440506371251615!3d-22.001860766770584!2m3!1f0!2f0!3f0!3m2!1i1024!2i768!4f13.1!3m3!1m2!1s0x94c800bcad298c53%3A0xc184fb667d946316!2sR.%20Prof.%20Ariel%20Bayeux%2C%20798%20-%20Vila%20Guilhermina%2C%20Pirassununga%20-%20SP%2C%2013634-209!5e0!3m2!1spt-BR!2sbr!4v1721752371756!5m2!1spt-BR!2sbr\" width=\"600\" height=\"450\" allowfullscreen=\"allowfullscreen\"><\/iframe><\/p>\n<input type=\"hidden\" id=\"baseurl\" value=\"https:\/\/www.omovimento.com.br\/jornal\"><input type=\"hidden\" id=\"audio_nonce\" value=\"14c06bb3ff\">","protected":false},"excerpt":{"rendered":"<p>\u201cA solu\u00e7\u00e3o para o seu caminh\u00e3o\u201d Com\u00e9rcio de pe\u00e7as e acess\u00f3rios para ve\u00edculos pesados, reformas, Alongamentos e Endireitamento de chassis, Embuchamento completo, Adapta\u00e7\u00e3o de motor, completo servi\u00e7o&hellip;<\/p>\n","protected":false},"author":1,"featured_media":2612,"parent":0,"menu_order":0,"comment_status":"closed","ping_status":"closed","template":"","meta":{"footnotes":""},"class_list":["post-2627","page","type-page","status-publish","has-post-thumbnail","hentry"],"_links":{"self":[{"href":"https:\/\/www.omovimento.com.br\/jornal\/wp-json\/wp\/v2\/pages\/2627","targetHints":{"allow":["GET"]}}],"collection":[{"href":"https:\/\/www.omovimento.com.br\/jornal\/wp-json\/wp\/v2\/pages"}],"about":[{"href":"https:\/\/www.omovimento.com.br\/jornal\/wp-json\/wp\/v2\/types\/page"}],"author":[{"embeddable":true,"href":"https:\/\/www.omovimento.com.br\/jornal\/wp-json\/wp\/v2\/users\/1"}],"replies":[{"embeddable":true,"href":"https:\/\/www.omovimento.com.br\/jornal\/wp-json\/wp\/v2\/comments?post=2627"}],"version-history":[{"count":3,"href":"https:\/\/www.omovimento.com.br\/jornal\/wp-json\/wp\/v2\/pages\/2627\/revisions"}],"predecessor-version":[{"id":2631,"href":"https:\/\/www.omovimento.com.br\/jornal\/wp-json\/wp\/v2\/pages\/2627\/revisions\/2631"}],"wp:featuredmedia":[{"embeddable":true,"href":"https:\/\/www.omovimento.com.br\/jornal\/wp-json\/wp\/v2\/media\/2612"}],"wp:attachment":[{"href":"https:\/\/www.omovimento.com.br\/jornal\/wp-json\/wp\/v2\/media?parent=2627"}],"curies":[{"name":"wp","href":"https:\/\/api.w.org\/{rel}","templated":true}]}}