{"id":2598,"date":"2024-07-23T10:55:46","date_gmt":"2024-07-23T10:55:46","guid":{"rendered":"https:\/\/www.omovimento.com.br\/jornal\/?page_id=2598"},"modified":"2024-07-23T16:28:24","modified_gmt":"2024-07-23T16:28:24","slug":"mecanica-auto-pecas","status":"publish","type":"page","link":"https:\/\/www.omovimento.com.br\/jornal\/mecanica-auto-pecas\/","title":{"rendered":"Mec\u00e2nica &#038; Auto Pe\u00e7as"},"content":{"rendered":"<p>&nbsp;<\/p>\n<p><img loading=\"lazy\" decoding=\"async\" class=\"aligncenter wp-image-2609\" src=\"https:\/\/www.omovimento.com.br\/jornal\/wp-content\/uploads\/2024\/07\/morcellilogo-1.jpg\" alt=\"\" width=\"415\" height=\"325\" srcset=\"https:\/\/www.omovimento.com.br\/jornal\/wp-content\/uploads\/2024\/07\/morcellilogo-1.jpg 814w, https:\/\/www.omovimento.com.br\/jornal\/wp-content\/uploads\/2024\/07\/morcellilogo-1-300x235.jpg 300w, https:\/\/www.omovimento.com.br\/jornal\/wp-content\/uploads\/2024\/07\/morcellilogo-1-768x601.jpg 768w\" sizes=\"auto, (max-width: 415px) 100vw, 415px\" \/><\/p>\n<p style=\"text-align: center;\"><span style=\"font-size: 12pt; font-family: verdana, geneva, sans-serif;\">Com\u00e9rcio e acess\u00f3rios para ve\u00edculos pesados<\/span><\/p>\n<p style=\"text-align: center;\"><span style=\"font-size: 12pt; font-family: verdana, geneva, sans-serif;\">Rua Prof. Ariel Bayeux, 798 , Pirassununga, SP, Brazil<\/span><\/p>\n<p style=\"text-align: center;\"><span style=\"font-size: 12pt; font-family: verdana, geneva, sans-serif;\">(19) 3561-6022 \u00a0<\/span><a href=\"https:\/\/www.omovimento.com.br\/jornal\/morcelli-autopecas-e-servicos\/\"><span style=\"font-size: 14pt; font-family: verdana, geneva, sans-serif;\"><strong><em>Saiba mais\u00a0<\/em><\/strong><\/span><\/a><\/p>\n<p>&nbsp;<\/p>\n<p>&nbsp;<\/p>\n<input type=\"hidden\" id=\"baseurl\" value=\"https:\/\/www.omovimento.com.br\/jornal\"><input type=\"hidden\" id=\"audio_nonce\" value=\"9da966b755\">","protected":false},"excerpt":{"rendered":"<p>&nbsp; Com\u00e9rcio e acess\u00f3rios para ve\u00edculos pesados Rua Prof. Ariel Bayeux, 798 , Pirassununga, SP, Brazil (19) 3561-6022 \u00a0Saiba mais\u00a0 &nbsp; &nbsp;<\/p>\n","protected":false},"author":1,"featured_media":0,"parent":0,"menu_order":0,"comment_status":"closed","ping_status":"closed","template":"","meta":{"footnotes":""},"class_list":["post-2598","page","type-page","status-publish","hentry"],"_links":{"self":[{"href":"https:\/\/www.omovimento.com.br\/jornal\/wp-json\/wp\/v2\/pages\/2598","targetHints":{"allow":["GET"]}}],"collection":[{"href":"https:\/\/www.omovimento.com.br\/jornal\/wp-json\/wp\/v2\/pages"}],"about":[{"href":"https:\/\/www.omovimento.com.br\/jornal\/wp-json\/wp\/v2\/types\/page"}],"author":[{"embeddable":true,"href":"https:\/\/www.omovimento.com.br\/jornal\/wp-json\/wp\/v2\/users\/1"}],"replies":[{"embeddable":true,"href":"https:\/\/www.omovimento.com.br\/jornal\/wp-json\/wp\/v2\/comments?post=2598"}],"version-history":[{"count":5,"href":"https:\/\/www.omovimento.com.br\/jornal\/wp-json\/wp\/v2\/pages\/2598\/revisions"}],"predecessor-version":[{"id":2618,"href":"https:\/\/www.omovimento.com.br\/jornal\/wp-json\/wp\/v2\/pages\/2598\/revisions\/2618"}],"wp:attachment":[{"href":"https:\/\/www.omovimento.com.br\/jornal\/wp-json\/wp\/v2\/media?parent=2598"}],"curies":[{"name":"wp","href":"https:\/\/api.w.org\/{rel}","templated":true}]}}