{"id":1095,"date":"2024-04-17T12:03:31","date_gmt":"2024-04-17T12:03:31","guid":{"rendered":"https:\/\/www.omovimento.com.br\/jornal\/?page_id=1095"},"modified":"2024-04-17T12:03:41","modified_gmt":"2024-04-17T12:03:41","slug":"jornal-fundado-em-18-de-novembro-de-1934","status":"publish","type":"page","link":"https:\/\/www.omovimento.com.br\/jornal\/jornal-fundado-em-18-de-novembro-de-1934\/","title":{"rendered":"Jornal fundado em 18 de novembro de 1934"},"content":{"rendered":"<p><span style=\"font-family: verdana, geneva, sans-serif;\">O jornal \u00b4O Movimento\u00b5 foi fundado por Felipe Malaman, homem de reconhecido prest\u00edgio social, dirigiu o jornal de 1934 a 1958, quando passou a dire\u00e7\u00e3o a um grupo de quatro intelectuais da cidade. <\/span><\/p>\n<input type=\"hidden\" id=\"baseurl\" value=\"https:\/\/www.omovimento.com.br\/jornal\"><input type=\"hidden\" id=\"audio_nonce\" value=\"042e431d25\">","protected":false},"excerpt":{"rendered":"<p>O jornal \u00b4O Movimento\u00b5 foi fundado por Felipe Malaman, homem de reconhecido prest\u00edgio social, dirigiu o jornal de 1934 a 1958, quando passou a dire\u00e7\u00e3o a um&hellip;<\/p>\n","protected":false},"author":1,"featured_media":0,"parent":0,"menu_order":0,"comment_status":"closed","ping_status":"closed","template":"","meta":{"footnotes":""},"class_list":["post-1095","page","type-page","status-publish","hentry"],"_links":{"self":[{"href":"https:\/\/www.omovimento.com.br\/jornal\/wp-json\/wp\/v2\/pages\/1095","targetHints":{"allow":["GET"]}}],"collection":[{"href":"https:\/\/www.omovimento.com.br\/jornal\/wp-json\/wp\/v2\/pages"}],"about":[{"href":"https:\/\/www.omovimento.com.br\/jornal\/wp-json\/wp\/v2\/types\/page"}],"author":[{"embeddable":true,"href":"https:\/\/www.omovimento.com.br\/jornal\/wp-json\/wp\/v2\/users\/1"}],"replies":[{"embeddable":true,"href":"https:\/\/www.omovimento.com.br\/jornal\/wp-json\/wp\/v2\/comments?post=1095"}],"version-history":[{"count":2,"href":"https:\/\/www.omovimento.com.br\/jornal\/wp-json\/wp\/v2\/pages\/1095\/revisions"}],"predecessor-version":[{"id":1097,"href":"https:\/\/www.omovimento.com.br\/jornal\/wp-json\/wp\/v2\/pages\/1095\/revisions\/1097"}],"wp:attachment":[{"href":"https:\/\/www.omovimento.com.br\/jornal\/wp-json\/wp\/v2\/media?parent=1095"}],"curies":[{"name":"wp","href":"https:\/\/api.w.org\/{rel}","templated":true}]}}